{"id":7616,"date":"2021-05-10T09:43:29","date_gmt":"2021-05-10T09:43:29","guid":{"rendered":"https:\/\/www.hotel-solymar.com\/nos-chambres\/"},"modified":"2024-10-31T16:27:21","modified_gmt":"2024-10-31T15:27:21","slug":"unsere-zimmer","status":"publish","type":"page","link":"https:\/\/www.hotel-solymar.com\/de\/unsere-zimmer\/","title":{"rendered":"Unsere Zimmer"},"content":{"rendered":"\t\t<div data-elementor-type=\"wp-page\" data-elementor-id=\"7616\" class=\"elementor elementor-7616\">\n\t\t\t\t\t\t<section class=\"elementor-section elementor-top-section elementor-element elementor-element-758bdc49 elementor-section-stretched elementor-section-content-middle elementor-section-boxed elementor-section-height-default elementor-section-height-default\" data-id=\"758bdc49\" data-element_type=\"section\" data-settings=\"{&quot;stretch_section&quot;:&quot;section-stretched&quot;,&quot;background_background&quot;:&quot;classic&quot;}\">\n\t\t\t\t\t\t\t<div class=\"elementor-background-overlay\"><\/div>\n\t\t\t\t\t\t\t<div class=\"elementor-container elementor-column-gap-default\">\n\t\t\t\t\t<div class=\"elementor-column elementor-col-100 elementor-top-column elementor-element elementor-element-907c0fa\" data-id=\"907c0fa\" data-element_type=\"column\">\n\t\t\t<div class=\"elementor-widget-wrap elementor-element-populated\">\n\t\t\t\t\t\t<div class=\"elementor-element elementor-element-2e1becb6 elementor-widget elementor-widget-heading\" data-id=\"2e1becb6\" data-element_type=\"widget\" data-widget_type=\"heading.default\">\n\t\t\t\t<div class=\"elementor-widget-container\">\n\t\t\t<style>\/*! elementor - v3.21.0 - 22-05-2024 *\/\n.elementor-heading-title{padding:0;margin:0;line-height:1}.elementor-widget-heading .elementor-heading-title[class*=elementor-size-]>a{color:inherit;font-size:inherit;line-height:inherit}.elementor-widget-heading .elementor-heading-title.elementor-size-small{font-size:15px}.elementor-widget-heading .elementor-heading-title.elementor-size-medium{font-size:19px}.elementor-widget-heading .elementor-heading-title.elementor-size-large{font-size:29px}.elementor-widget-heading .elementor-heading-title.elementor-size-xl{font-size:39px}.elementor-widget-heading .elementor-heading-title.elementor-size-xxl{font-size:59px}<\/style><h1 class=\"elementor-heading-title elementor-size-default\">Unsere Zimmer<\/h1>\t\t<\/div>\n\t\t\t\t<\/div>\n\t\t\t\t\t<\/div>\n\t\t<\/div>\n\t\t\t\t\t<\/div>\n\t\t<\/section>\n\t\t\t\t<section class=\"elementor-section elementor-top-section elementor-element elementor-element-6139d666 elementor-section-content-middle elementor-section-stretched elementor-section-boxed elementor-section-height-default elementor-section-height-default\" data-id=\"6139d666\" data-element_type=\"section\" data-settings=\"{&quot;stretch_section&quot;:&quot;section-stretched&quot;,&quot;background_background&quot;:&quot;classic&quot;}\">\n\t\t\t\t\t\t\t<div class=\"elementor-background-overlay\"><\/div>\n\t\t\t\t\t\t\t<div class=\"elementor-container elementor-column-gap-default\">\n\t\t\t\t\t<div class=\"elementor-column elementor-col-50 elementor-top-column elementor-element elementor-element-205bc99a\" data-id=\"205bc99a\" data-element_type=\"column\">\n\t\t\t<div class=\"elementor-widget-wrap elementor-element-populated\">\n\t\t\t\t\t\t<div class=\"elementor-element elementor-element-1110d384 elementor-widget elementor-widget-heading\" data-id=\"1110d384\" data-element_type=\"widget\" data-widget_type=\"heading.default\">\n\t\t\t\t<div class=\"elementor-widget-container\">\n\t\t\t<h5 class=\"elementor-heading-title elementor-size-default\">Entdecken Sie<\/h5>\t\t<\/div>\n\t\t\t\t<\/div>\n\t\t\t\t<div class=\"elementor-element elementor-element-3b6d9301 elementor-widget elementor-widget-heading\" data-id=\"3b6d9301\" data-element_type=\"widget\" data-widget_type=\"heading.default\">\n\t\t\t\t<div class=\"elementor-widget-container\">\n\t\t\t<h1 class=\"elementor-heading-title elementor-size-default\">Unsere Angebote<\/h1>\t\t<\/div>\n\t\t\t\t<\/div>\n\t\t\t\t<section class=\"elementor-section elementor-inner-section elementor-element elementor-element-4c08dc6c elementor-section-boxed elementor-section-height-default elementor-section-height-default\" data-id=\"4c08dc6c\" data-element_type=\"section\">\n\t\t\t\t\t\t<div class=\"elementor-container elementor-column-gap-default\">\n\t\t\t\t\t<div class=\"elementor-column elementor-col-50 elementor-inner-column elementor-element elementor-element-39dfac10\" data-id=\"39dfac10\" data-element_type=\"column\">\n\t\t\t<div class=\"elementor-widget-wrap elementor-element-populated\">\n\t\t\t\t\t\t<div class=\"elementor-element elementor-element-3707696c elementor-widget elementor-widget-heading\" data-id=\"3707696c\" data-element_type=\"widget\" data-widget_type=\"heading.default\">\n\t\t\t\t<div class=\"elementor-widget-container\">\n\t\t\t<p class=\"elementor-heading-title elementor-size-default\">Willkommen in einem Heiligtum des Komforts und der Eleganz. Im Hotel Solymar ist jedes Zimmer sorgf\u00e4ltig gestaltet, um ein einzigartiges Erlebnis der Entspannung und Raffinesse zu bieten. Tauchen Sie ein in den Luxus und lassen Sie sich von der beruhigenden Atmosph\u00e4re unserer Unterk\u00fcnfte verzaubern.\n\n<\/p>\t\t<\/div>\n\t\t\t\t<\/div>\n\t\t\t\t\t<\/div>\n\t\t<\/div>\n\t\t\t\t<div class=\"elementor-column elementor-col-50 elementor-inner-column elementor-element elementor-element-7b10ef4c\" data-id=\"7b10ef4c\" data-element_type=\"column\">\n\t\t\t<div class=\"elementor-widget-wrap elementor-element-populated\">\n\t\t\t\t\t\t<div class=\"elementor-element elementor-element-091ffbb elementor-widget elementor-widget-heading\" data-id=\"091ffbb\" data-element_type=\"widget\" data-widget_type=\"heading.default\">\n\t\t\t\t<div class=\"elementor-widget-container\">\n\t\t\t<p class=\"elementor-heading-title elementor-size-default\">Unsere Zimmer sind mehr als nur ein Ort zum Ausruhen. Sie sind ein R\u00fcckzugsort, an dem Modernit\u00e4t auf klassischen Eleganz trifft und einen perfekten Raum zum Entspannen nach einem Tag voller Entdeckungen oder Arbeit schafft. Ob Sie einen Blick auf das funkelnde Meer, den schimmernden Pool oder die \u00fcppigen G\u00e4rten haben, jede Perspektive bietet einen Hauch von Gelassenheit.<\/p>\t\t<\/div>\n\t\t\t\t<\/div>\n\t\t\t\t\t<\/div>\n\t\t<\/div>\n\t\t\t\t\t<\/div>\n\t\t<\/section>\n\t\t\t\t<section class=\"elementor-section elementor-inner-section elementor-element elementor-element-6ce6b5e1 elementor-section-content-middle elementor-section-boxed elementor-section-height-default elementor-section-height-default\" data-id=\"6ce6b5e1\" data-element_type=\"section\" data-settings=\"{&quot;background_background&quot;:&quot;classic&quot;}\">\n\t\t\t\t\t\t\t<div class=\"elementor-background-overlay\"><\/div>\n\t\t\t\t\t\t\t<div class=\"elementor-container elementor-column-gap-default\">\n\t\t\t\t\t<div class=\"elementor-column elementor-col-33 elementor-inner-column elementor-element elementor-element-3b30d6ed\" data-id=\"3b30d6ed\" data-element_type=\"column\">\n\t\t\t<div class=\"elementor-widget-wrap elementor-element-populated\">\n\t\t\t\t\t\t<div class=\"elementor-element elementor-element-778b0738 elementor-widget elementor-widget-image\" data-id=\"778b0738\" data-element_type=\"widget\" data-widget_type=\"image.default\">\n\t\t\t\t<div class=\"elementor-widget-container\">\n\t\t\t<style>\/*! elementor - v3.21.0 - 22-05-2024 *\/\n.elementor-widget-image{text-align:center}.elementor-widget-image a{display:inline-block}.elementor-widget-image a img[src$=\".svg\"]{width:48px}.elementor-widget-image img{vertical-align:middle;display:inline-block}<\/style>\t\t\t\t\t\t\t\t\t\t<img decoding=\"async\" width=\"200\" height=\"200\" src=\"https:\/\/www.hotel-solymar.com\/wp-content\/uploads\/2021\/11\/icon-14.png\" class=\"attachment-full size-full wp-image-5218\" alt=\"\" srcset=\"https:\/\/www.hotel-solymar.com\/wp-content\/uploads\/2021\/11\/icon-14.png 200w, https:\/\/www.hotel-solymar.com\/wp-content\/uploads\/2021\/11\/icon-14-100x100.png 100w, https:\/\/www.hotel-solymar.com\/wp-content\/uploads\/2021\/11\/icon-14-150x150.png 150w\" sizes=\"(max-width: 200px) 100vw, 200px\" \/>\t\t\t\t\t\t\t\t\t\t\t\t\t<\/div>\n\t\t\t\t<\/div>\n\t\t\t\t\t<\/div>\n\t\t<\/div>\n\t\t\t\t<div class=\"elementor-column elementor-col-33 elementor-inner-column elementor-element elementor-element-77e18ad9\" data-id=\"77e18ad9\" data-element_type=\"column\">\n\t\t\t<div class=\"elementor-widget-wrap elementor-element-populated\">\n\t\t\t\t\t\t<div class=\"elementor-element elementor-element-579fca30 elementor-widget elementor-widget-heading\" data-id=\"579fca30\" data-element_type=\"widget\" data-widget_type=\"heading.default\">\n\t\t\t\t<div class=\"elementor-widget-container\">\n\t\t\t<h3 class=\"elementor-heading-title elementor-size-default\">Sehen Sie sich alle aktuellen Angebote an.<\/h3>\t\t<\/div>\n\t\t\t\t<\/div>\n\t\t\t\t<div class=\"elementor-element elementor-element-570a5fc9 elementor-widget elementor-widget-heading\" data-id=\"570a5fc9\" data-element_type=\"widget\" data-widget_type=\"heading.default\">\n\t\t\t\t<div class=\"elementor-widget-container\">\n\t\t\t<p class=\"elementor-heading-title elementor-size-default\">Verpassen Sie nicht die Gelegenheit, ein luxuri\u00f6ses Erlebnis zu au\u00dfergew\u00f6hnlichen Preisen zu genie\u00dfen!<\/p>\t\t<\/div>\n\t\t\t\t<\/div>\n\t\t\t\t\t<\/div>\n\t\t<\/div>\n\t\t\t\t<div class=\"elementor-column elementor-col-33 elementor-inner-column elementor-element elementor-element-d56ac38\" data-id=\"d56ac38\" data-element_type=\"column\">\n\t\t\t<div class=\"elementor-widget-wrap elementor-element-populated\">\n\t\t\t\t\t\t<div class=\"elementor-element elementor-element-71dbd33f elementor-align-right elementor-tablet-align-center elementor-widget elementor-widget-button\" data-id=\"71dbd33f\" data-element_type=\"widget\" data-widget_type=\"button.default\">\n\t\t\t\t<div class=\"elementor-widget-container\">\n\t\t\t\t\t<div class=\"elementor-button-wrapper\">\n\t\t\t<a class=\"elementor-button elementor-button-link elementor-size-sm elementor-animation-shrink\" href=\"https:\/\/www.hotel-solymar.com\/de\/unsere-zimmer\/\">\n\t\t\t\t\t\t<span class=\"elementor-button-content-wrapper\">\n\t\t\t\t\t\t\t\t\t<span class=\"elementor-button-text\">Buchen Sie jetzt<\/span>\n\t\t\t\t\t<\/span>\n\t\t\t\t\t<\/a>\n\t\t<\/div>\n\t\t\t\t<\/div>\n\t\t\t\t<\/div>\n\t\t\t\t\t<\/div>\n\t\t<\/div>\n\t\t\t\t\t<\/div>\n\t\t<\/section>\n\t\t\t\t\t<\/div>\n\t\t<\/div>\n\t\t\t\t<div class=\"elementor-column elementor-col-50 elementor-top-column elementor-element elementor-element-5cb4991c\" data-id=\"5cb4991c\" data-element_type=\"column\" data-settings=\"{&quot;background_background&quot;:&quot;classic&quot;}\">\n\t\t\t<div class=\"elementor-widget-wrap elementor-element-populated\">\n\t\t\t\t\t<div class=\"elementor-background-overlay\"><\/div>\n\t\t\t\t\t\t<div class=\"elementor-element elementor-element-63538f elementor-widget elementor-widget-heading\" data-id=\"63538f\" data-element_type=\"widget\" data-widget_type=\"heading.default\">\n\t\t\t\t<div class=\"elementor-widget-container\">\n\t\t\t<h3 class=\"elementor-heading-title elementor-size-default\">VERPASSEN SIE NICHT UNSERE ANGEBOTE<\/h3>\t\t<\/div>\n\t\t\t\t<\/div>\n\t\t\t\t<div class=\"elementor-element elementor-element-d0be1eb elementor-widget elementor-widget-image\" data-id=\"d0be1eb\" data-element_type=\"widget\" data-widget_type=\"image.default\">\n\t\t\t\t<div class=\"elementor-widget-container\">\n\t\t\t\t\t\t\t\t\t\t\t\t\t<img decoding=\"async\" width=\"65\" height=\"41\" src=\"https:\/\/www.hotel-solymar.com\/wp-content\/uploads\/2024\/05\/vffdffd.png\" class=\"attachment-large size-large wp-image-6829\" alt=\"\" \/>\t\t\t\t\t\t\t\t\t\t\t\t\t<\/div>\n\t\t\t\t<\/div>\n\t\t\t\t<div class=\"elementor-element elementor-element-62b2ba25 elementor-align-center elementor-icon-list--layout-traditional elementor-list-item-link-full_width elementor-widget elementor-widget-icon-list\" data-id=\"62b2ba25\" data-element_type=\"widget\" data-widget_type=\"icon-list.default\">\n\t\t\t\t<div class=\"elementor-widget-container\">\n\t\t\t<link rel=\"stylesheet\" href=\"https:\/\/www.hotel-solymar.com\/wp-content\/plugins\/elementor\/assets\/css\/widget-icon-list.min.css\">\t\t<ul class=\"elementor-icon-list-items\">\n\t\t\t\t\t\t\t<li class=\"elementor-icon-list-item\">\n\t\t\t\t\t\t\t\t\t\t<span class=\"elementor-icon-list-text\">Im Hotel Solymar bieten wir regelm\u00e4\u00dfig attraktive Angebote an, um Ihren Aufenthalt noch angenehmer zu gestalten.<\/span>\n\t\t\t\t\t\t\t\t\t<\/li>\n\t\t\t\t\t\t<\/ul>\n\t\t\t\t<\/div>\n\t\t\t\t<\/div>\n\t\t\t\t\t<\/div>\n\t\t<\/div>\n\t\t\t\t\t<\/div>\n\t\t<\/section>\n\t\t\t\t<section class=\"elementor-section elementor-top-section elementor-element elementor-element-c386acf elementor-section-stretched elementor-section-boxed elementor-section-height-default elementor-section-height-default\" data-id=\"c386acf\" data-element_type=\"section\" data-settings=\"{&quot;stretch_section&quot;:&quot;section-stretched&quot;,&quot;background_background&quot;:&quot;classic&quot;}\">\n\t\t\t\t\t\t\t<div class=\"elementor-background-overlay\"><\/div>\n\t\t\t\t\t\t\t<div class=\"elementor-container elementor-column-gap-default\">\n\t\t\t\t\t<div class=\"elementor-column elementor-col-100 elementor-top-column elementor-element elementor-element-2ae1be28\" data-id=\"2ae1be28\" data-element_type=\"column\">\n\t\t\t<div class=\"elementor-widget-wrap elementor-element-populated\">\n\t\t\t\t\t\t<div class=\"elementor-element elementor-element-503f7777 elementor-widget elementor-widget-woogrid\" data-id=\"503f7777\" data-element_type=\"widget\" data-widget_type=\"woogrid.default\">\n\t\t\t\t<div class=\"elementor-widget-container\">\n\t\t\t\n\n  \t\t\n\n  \t\t\n\n  \t\t\n\n  \t\t\n\n  \t\t\n<div class=\"nd_elements_section nd_elements_woogrid_l1 nd_elements_masonry_content\">\n    \t<div class=\" nd_elements_width_33_percentage nd_elements_width_100_percentage_responsive nd_elements_float_left nd_elements_masonry_item nd_elements_padding_15 nd_elements_box_sizing_border_box\">\n\n    \t\t<div class=\"nd_elements_section nd_elements_background_color_fff nd_elements_box_shadow_0_0_15_0_0001\">\n\n\t    \t\t<a href=\"https:\/\/www.hotel-solymar.com\/de\/product\/standard-einzelzimmer\/\"><img decoding=\"async\" class=\"nd_elements_section\" alt=\"\" src=\"https:\/\/www.hotel-solymar.com\/wp-content\/uploads\/2024\/05\/pixelcut-export-28-min-1024x654.jpeg\"><\/a>\n\n\t    \t\t<div class=\"nd_elements_section nd_elements_padding_40 nd_elements_text_align_center nd_elements_padding_20_iphone nd_elements_box_sizing_border_box\">\n\n\t\t\t    \t<a class=\"nd_elements_section\" href=\"https:\/\/www.hotel-solymar.com\/de\/product\/standard-einzelzimmer\/\">\n\t\t\t    \t\t<h3 class=\"nd_elements_font_size_23 nd_elements_word_break_break_word nd_elements_font_size_20_iphone nd_elements_line_height_23 nd_elements_margin_0_important nd_elements_letter_spacing_1\"><strong>Standard Einzelzimmer<\/strong><\/h3>\n\t\t\t    \t<\/a>\n\t\t\t    \t<div class=\"nd_elements_section nd_elements_height_20\"><\/div>\n\t\t\t    \t<p class=\"nd_elements_font_size_17 nd_elements_line_height_17\"> 35 TND<\/p>\n\t\t\t    \t<div class=\"nd_elements_section nd_elements_height_20\"><\/div>\n\t\t\t    \t<a class=\"nd_elements_padding_10_20 nd_elements_display_inline_block nd_options_color_white nd_elements_font_size_13 nd_elements_line_height_13\" style=\"background-color:#c19b77\" href=\"https:\/\/www.hotel-solymar.com\/de\/product\/standard-einzelzimmer\/\"><strong>LEES MEER<\/strong><\/a>\n\n\n\t\t\t\t<\/div>\n\n\t\t\t<\/div>\n\t    \t\n\t\t<\/div>\n    \t<div class=\" nd_elements_width_33_percentage nd_elements_width_100_percentage_responsive nd_elements_float_left nd_elements_masonry_item nd_elements_padding_15 nd_elements_box_sizing_border_box\">\n\n    \t\t<div class=\"nd_elements_section nd_elements_background_color_fff nd_elements_box_shadow_0_0_15_0_0001\">\n\n\t    \t\t<a href=\"https:\/\/www.hotel-solymar.com\/de\/product\/standard-doppelzimmer\/\"><img decoding=\"async\" class=\"nd_elements_section\" alt=\"\" src=\"https:\/\/www.hotel-solymar.com\/wp-content\/uploads\/2024\/05\/pixelcut-export-28-min-1024x654.jpeg\"><\/a>\n\n\t    \t\t<div class=\"nd_elements_section nd_elements_padding_40 nd_elements_text_align_center nd_elements_padding_20_iphone nd_elements_box_sizing_border_box\">\n\n\t\t\t    \t<a class=\"nd_elements_section\" href=\"https:\/\/www.hotel-solymar.com\/de\/product\/standard-doppelzimmer\/\">\n\t\t\t    \t\t<h3 class=\"nd_elements_font_size_23 nd_elements_word_break_break_word nd_elements_font_size_20_iphone nd_elements_line_height_23 nd_elements_margin_0_important nd_elements_letter_spacing_1\"><strong>Standard Doppelzimmer<\/strong><\/h3>\n\t\t\t    \t<\/a>\n\t\t\t    \t<div class=\"nd_elements_section nd_elements_height_20\"><\/div>\n\t\t\t    \t<p class=\"nd_elements_font_size_17 nd_elements_line_height_17\"> 30 TND<\/p>\n\t\t\t    \t<div class=\"nd_elements_section nd_elements_height_20\"><\/div>\n\t\t\t    \t<a class=\"nd_elements_padding_10_20 nd_elements_display_inline_block nd_options_color_white nd_elements_font_size_13 nd_elements_line_height_13\" style=\"background-color:#c19b77\" href=\"https:\/\/www.hotel-solymar.com\/de\/product\/standard-doppelzimmer\/\"><strong>LEES MEER<\/strong><\/a>\n\n\n\t\t\t\t<\/div>\n\n\t\t\t<\/div>\n\t    \t\n\t\t<\/div>\n    \t<div class=\" nd_elements_width_33_percentage nd_elements_width_100_percentage_responsive nd_elements_float_left nd_elements_masonry_item nd_elements_padding_15 nd_elements_box_sizing_border_box\">\n\n    \t\t<div class=\"nd_elements_section nd_elements_background_color_fff nd_elements_box_shadow_0_0_15_0_0001\">\n\n\t    \t\t<a href=\"https:\/\/www.hotel-solymar.com\/de\/product\/standard-familienzimmer\/\"><img decoding=\"async\" class=\"nd_elements_section\" alt=\"\" src=\"https:\/\/www.hotel-solymar.com\/wp-content\/uploads\/2024\/05\/pixelcut-export-28-min-1024x654.jpeg\"><\/a>\n\n\t    \t\t<div class=\"nd_elements_section nd_elements_padding_40 nd_elements_text_align_center nd_elements_padding_20_iphone nd_elements_box_sizing_border_box\">\n\n\t\t\t    \t<a class=\"nd_elements_section\" href=\"https:\/\/www.hotel-solymar.com\/de\/product\/standard-familienzimmer\/\">\n\t\t\t    \t\t<h3 class=\"nd_elements_font_size_23 nd_elements_word_break_break_word nd_elements_font_size_20_iphone nd_elements_line_height_23 nd_elements_margin_0_important nd_elements_letter_spacing_1\"><strong>Standard Familienzimmer<\/strong><\/h3>\n\t\t\t    \t<\/a>\n\t\t\t    \t<div class=\"nd_elements_section nd_elements_height_20\"><\/div>\n\t\t\t    \t<p class=\"nd_elements_font_size_17 nd_elements_line_height_17\"> 60 TND<\/p>\n\t\t\t    \t<div class=\"nd_elements_section nd_elements_height_20\"><\/div>\n\t\t\t    \t<a class=\"nd_elements_padding_10_20 nd_elements_display_inline_block nd_options_color_white nd_elements_font_size_13 nd_elements_line_height_13\" style=\"background-color:#c19b77\" href=\"https:\/\/www.hotel-solymar.com\/de\/product\/standard-familienzimmer\/\"><strong>LEES MEER<\/strong><\/a>\n\n\n\t\t\t\t<\/div>\n\n\t\t\t<\/div>\n\t    \t\n\t\t<\/div>\n    \t<div class=\" nd_elements_width_33_percentage nd_elements_width_100_percentage_responsive nd_elements_float_left nd_elements_masonry_item nd_elements_padding_15 nd_elements_box_sizing_border_box\">\n\n    \t\t<div class=\"nd_elements_section nd_elements_background_color_fff nd_elements_box_shadow_0_0_15_0_0001\">\n\n\t    \t\t<a href=\"https:\/\/www.hotel-solymar.com\/de\/product\/einzelzimmer-mit-meerblick\/\"><img decoding=\"async\" class=\"nd_elements_section\" alt=\"\" src=\"https:\/\/www.hotel-solymar.com\/wp-content\/uploads\/2024\/05\/pixelcut-export-28-min-1024x654.jpeg\"><\/a>\n\n\t    \t\t<div class=\"nd_elements_section nd_elements_padding_40 nd_elements_text_align_center nd_elements_padding_20_iphone nd_elements_box_sizing_border_box\">\n\n\t\t\t    \t<a class=\"nd_elements_section\" href=\"https:\/\/www.hotel-solymar.com\/de\/product\/einzelzimmer-mit-meerblick\/\">\n\t\t\t    \t\t<h3 class=\"nd_elements_font_size_23 nd_elements_word_break_break_word nd_elements_font_size_20_iphone nd_elements_line_height_23 nd_elements_margin_0_important nd_elements_letter_spacing_1\"><strong>Einzelzimmer mit Meerblick<\/strong><\/h3>\n\t\t\t    \t<\/a>\n\t\t\t    \t<div class=\"nd_elements_section nd_elements_height_20\"><\/div>\n\t\t\t    \t<p class=\"nd_elements_font_size_17 nd_elements_line_height_17\"> 40 TND<\/p>\n\t\t\t    \t<div class=\"nd_elements_section nd_elements_height_20\"><\/div>\n\t\t\t    \t<a class=\"nd_elements_padding_10_20 nd_elements_display_inline_block nd_options_color_white nd_elements_font_size_13 nd_elements_line_height_13\" style=\"background-color:#c19b77\" href=\"https:\/\/www.hotel-solymar.com\/de\/product\/einzelzimmer-mit-meerblick\/\"><strong>LEES MEER<\/strong><\/a>\n\n\n\t\t\t\t<\/div>\n\n\t\t\t<\/div>\n\t    \t\n\t\t<\/div>\n    \t<div class=\" nd_elements_width_33_percentage nd_elements_width_100_percentage_responsive nd_elements_float_left nd_elements_masonry_item nd_elements_padding_15 nd_elements_box_sizing_border_box\">\n\n    \t\t<div class=\"nd_elements_section nd_elements_background_color_fff nd_elements_box_shadow_0_0_15_0_0001\">\n\n\t    \t\t<a href=\"https:\/\/www.hotel-solymar.com\/de\/product\/doppelzimmer-mit-meerblick\/\"><img decoding=\"async\" class=\"nd_elements_section\" alt=\"\" src=\"https:\/\/www.hotel-solymar.com\/wp-content\/uploads\/2024\/05\/pixelcut-export-28-min-1024x654.jpeg\"><\/a>\n\n\t    \t\t<div class=\"nd_elements_section nd_elements_padding_40 nd_elements_text_align_center nd_elements_padding_20_iphone nd_elements_box_sizing_border_box\">\n\n\t\t\t    \t<a class=\"nd_elements_section\" href=\"https:\/\/www.hotel-solymar.com\/de\/product\/doppelzimmer-mit-meerblick\/\">\n\t\t\t    \t\t<h3 class=\"nd_elements_font_size_23 nd_elements_word_break_break_word nd_elements_font_size_20_iphone nd_elements_line_height_23 nd_elements_margin_0_important nd_elements_letter_spacing_1\"><strong>Doppelzimmer mit Meerblick<\/strong><\/h3>\n\t\t\t    \t<\/a>\n\t\t\t    \t<div class=\"nd_elements_section nd_elements_height_20\"><\/div>\n\t\t\t    \t<p class=\"nd_elements_font_size_17 nd_elements_line_height_17\"> 30 TND<\/p>\n\t\t\t    \t<div class=\"nd_elements_section nd_elements_height_20\"><\/div>\n\t\t\t    \t<a class=\"nd_elements_padding_10_20 nd_elements_display_inline_block nd_options_color_white nd_elements_font_size_13 nd_elements_line_height_13\" style=\"background-color:#c19b77\" href=\"https:\/\/www.hotel-solymar.com\/de\/product\/doppelzimmer-mit-meerblick\/\"><strong>LEES MEER<\/strong><\/a>\n\n\n\t\t\t\t<\/div>\n\n\t\t\t<\/div>\n\t    \t\n\t\t<\/div>\n<\/div>\t\t<\/div>\n\t\t\t\t<\/div>\n\t\t\t\t\t<\/div>\n\t\t<\/div>\n\t\t\t\t\t<\/div>\n\t\t<\/section>\n\t\t\t\t<\/div>\n\t\t","protected":false},"excerpt":{"rendered":"<p>Unsere Zimmer Entdecken Sie Unsere Angebote Willkommen in einem Heiligtum des Komforts und der Eleganz. Im Hotel Solymar ist jedes Zimmer sorgf\u00e4ltig gestaltet, um ein einzigartiges Erlebnis der Entspannung und Raffinesse zu bieten. Tauchen Sie ein in den Luxus und lassen Sie sich von der beruhigenden Atmosph\u00e4re unserer Unterk\u00fcnfte verzaubern. Unsere Zimmer sind mehr als [&hellip;]<\/p>\n","protected":false},"author":1,"featured_media":0,"parent":0,"menu_order":0,"comment_status":"closed","ping_status":"closed","template":"","meta":{"footnotes":""},"_links":{"self":[{"href":"https:\/\/www.hotel-solymar.com\/de\/wp-json\/wp\/v2\/pages\/7616"}],"collection":[{"href":"https:\/\/www.hotel-solymar.com\/de\/wp-json\/wp\/v2\/pages"}],"about":[{"href":"https:\/\/www.hotel-solymar.com\/de\/wp-json\/wp\/v2\/types\/page"}],"author":[{"embeddable":true,"href":"https:\/\/www.hotel-solymar.com\/de\/wp-json\/wp\/v2\/users\/1"}],"replies":[{"embeddable":true,"href":"https:\/\/www.hotel-solymar.com\/de\/wp-json\/wp\/v2\/comments?post=7616"}],"version-history":[{"count":13,"href":"https:\/\/www.hotel-solymar.com\/de\/wp-json\/wp\/v2\/pages\/7616\/revisions"}],"predecessor-version":[{"id":7859,"href":"https:\/\/www.hotel-solymar.com\/de\/wp-json\/wp\/v2\/pages\/7616\/revisions\/7859"}],"wp:attachment":[{"href":"https:\/\/www.hotel-solymar.com\/de\/wp-json\/wp\/v2\/media?parent=7616"}],"curies":[{"name":"wp","href":"https:\/\/api.w.org\/{rel}","templated":true}]}}